{"id":189,"date":"2025-02-02T14:57:14","date_gmt":"2025-02-02T14:57:14","guid":{"rendered":"https:\/\/anna-kalcher.at\/?page_id=189"},"modified":"2025-10-29T13:17:33","modified_gmt":"2025-10-29T13:17:33","slug":"__trashed-5","status":"publish","type":"page","link":"https:\/\/anna-kalcher.at\/?page_id=189","title":{"rendered":"\u00dcber mich"},"content":{"rendered":"\t\t<div data-elementor-type=\"wp-page\" data-elementor-id=\"189\" class=\"elementor elementor-189\">\n\t\t\t\t<div class=\"elementor-element elementor-element-72445c0 e-flex e-con-boxed e-con e-parent\" data-id=\"72445c0\" data-element_type=\"container\" data-e-type=\"container\">\n\t\t\t\t\t<div class=\"e-con-inner\">\n\t\t\t\t<div class=\"elementor-element elementor-element-8868272 elementor-widget elementor-widget-spacer\" data-id=\"8868272\" data-element_type=\"widget\" data-e-type=\"widget\" data-widget_type=\"spacer.default\">\n\t\t\t\t<div class=\"elementor-widget-container\">\n\t\t\t\t\t\t\t<div class=\"elementor-spacer\">\n\t\t\t<div class=\"elementor-spacer-inner\"><\/div>\n\t\t<\/div>\n\t\t\t\t\t\t<\/div>\n\t\t\t\t<\/div>\n\t\t\t\t\t<\/div>\n\t\t\t\t<\/div>\n\t\t<div class=\"elementor-element elementor-element-a9274ac e-flex e-con-boxed e-con e-parent\" data-id=\"a9274ac\" data-element_type=\"container\" data-e-type=\"container\">\n\t\t\t\t\t<div class=\"e-con-inner\">\n\t\t<div class=\"elementor-element elementor-element-7574842 e-con-full e-flex e-con e-child\" data-id=\"7574842\" data-element_type=\"container\" data-e-type=\"container\">\n\t\t\t\t<div class=\"elementor-element elementor-element-c2bc74d elementor-widget elementor-widget-text-editor\" data-id=\"c2bc74d\" data-element_type=\"widget\" data-e-type=\"widget\" data-widget_type=\"text-editor.default\">\n\t\t\t\t<div class=\"elementor-widget-container\">\n\t\t\t\t\t\t\t\t\t<h1 style=\"text-align: left;\">Anna Kalcher<\/h1><h4 style=\"text-align: left;\">Lebens- und Sozialberaterin\u00a0<br \/>in Ausbildung unter Supervision<\/h4><h6 class=\"font_8\" style=\"line-height: 1.75em; text-align: left;\"><span class=\"color_15\">Schon seit ich denken kann, interessiere ich mich f\u00fcr das, was in meinen Mitmenschen vorgeht. Zu erkennen, wieso jemand f\u00fchlt, wie er f\u00fchlt, zu verstehen, wieso jemand handelt wie er handelt &#8211; das begeistert mich.<\/span><\/h6><h6 class=\"font_8\" style=\"line-height: 1.75em;\"><span class=\"color_15\">Durch meinen Job als Ordinationsassistentin bin ich t\u00e4glich hautnah mit Menschen besch\u00e4ftigt, die sowohl k\u00f6rperlich als auch emotional viel ertragen m\u00fcssen. Mich damit abzufinden, dass Menschen leiden m\u00fcssen, fiel mir noch nie leicht. <\/span><\/h6><h6 class=\"font_8\" style=\"line-height: 1.75em;\"><span class=\"color_15\">Sich Neues anzueignen kann sich als wahre Herausforderung darstellen &#8211; und so kam ich zu folgender Frage:<\/span><\/h6><h6 class=\"font_8\" style=\"line-height: 1.75em;\"><span class=\"color_15\">&#8222;M\u00f6chte ich lernen, das Leid der Menschen zu akzeptieren, oder m\u00f6chte ich lernen, Menschen zu unterst\u00fctzen, einen Weg aus dem Leid heraus zu finden?&#8220;<\/span><\/h6><h6 class=\"font_8\" style=\"line-height: 1.75em;\"><span class=\"color_15\">Und so entschied ich mich im Juni 2023 dazu, die Ausbildung zur diplomierten Lebens- und Sozialberaterin zu starten!<\/span><\/h6><h6>\u00a0<\/h6>\t\t\t\t\t\t\t\t<\/div>\n\t\t\t\t<\/div>\n\t\t\t\t<\/div>\n\t\t\t\t<div class=\"elementor-element elementor-element-948ed34 elementor-widget__width-initial elementor-widget elementor-widget-spacer\" data-id=\"948ed34\" data-element_type=\"widget\" data-e-type=\"widget\" data-widget_type=\"spacer.default\">\n\t\t\t\t<div class=\"elementor-widget-container\">\n\t\t\t\t\t\t\t<div class=\"elementor-spacer\">\n\t\t\t<div class=\"elementor-spacer-inner\"><\/div>\n\t\t<\/div>\n\t\t\t\t\t\t<\/div>\n\t\t\t\t<\/div>\n\t\t<div class=\"elementor-element elementor-element-d0cfd21 e-con-full e-flex e-con e-child\" data-id=\"d0cfd21\" data-element_type=\"container\" data-e-type=\"container\">\n\t\t\t\t<div class=\"elementor-element elementor-element-fc619dc elementor-widget elementor-widget-image\" data-id=\"fc619dc\" data-element_type=\"widget\" data-e-type=\"widget\" data-widget_type=\"image.default\">\n\t\t\t\t<div class=\"elementor-widget-container\">\n\t\t\t\t\t\t\t\t\t\t\t\t\t\t\t<img decoding=\"async\" src=\"https:\/\/anna-kalcher.at\/wp-content\/uploads\/2025\/10\/3-e1760866213517.png\" title=\"3\" alt=\"3\" loading=\"lazy\" \/>\t\t\t\t\t\t\t\t\t\t\t\t\t\t\t<\/div>\n\t\t\t\t<\/div>\n\t\t\t\t<\/div>\n\t\t\t\t\t<\/div>\n\t\t\t\t<\/div>\n\t\t<div class=\"elementor-element elementor-element-0218ea0 e-flex e-con-boxed e-con e-parent\" data-id=\"0218ea0\" data-element_type=\"container\" data-e-type=\"container\">\n\t\t\t\t\t<div class=\"e-con-inner\">\n\t\t\t\t<div class=\"elementor-element elementor-element-4c6c854 elementor-widget__width-inherit elementor-widget elementor-widget-link-in-bio\" data-id=\"4c6c854\" data-element_type=\"widget\" data-e-type=\"widget\" data-widget_type=\"link-in-bio.default\">\n\t\t\t\t<div class=\"elementor-widget-container\">\n\t\t\t\t\t\t\t<div class=\"e-link-in-bio e-link-in-bio is-full-width\">\n\t\t\t<div class=\"e-link-in-bio__content\">\n\n\t\t\t\t\t\t<div class=\"e-link-in-bio__identity\">\n\t\t\t\t\t\t\t\t\t<div class=\"e-link-in-bio__identity-image e-link-in-bio__identity-image-profile has-style-circle\">\n\t\t\t\t\t\t\t<img fetchpriority=\"high\" decoding=\"async\" width=\"300\" height=\"300\" src=\"https:\/\/anna-kalcher.at\/wp-content\/uploads\/2025\/02\/LSB-Logo-Pur-300x300.png\" class=\"e-link-in-bio__identity-image-element\" alt=\"\" srcset=\"https:\/\/anna-kalcher.at\/wp-content\/uploads\/2025\/02\/LSB-Logo-Pur-300x300.png 300w, https:\/\/anna-kalcher.at\/wp-content\/uploads\/2025\/02\/LSB-Logo-Pur-150x150.png 150w, https:\/\/anna-kalcher.at\/wp-content\/uploads\/2025\/02\/LSB-Logo-Pur.png 500w\" sizes=\"(max-width: 300px) 100vw, 300px\" \/>\t\t\t\t\t\t\t\t\t\t\t\t\t<\/div>\n\t\t\t\t\t\t\t<\/div>\n\t\t\t\t\t<div class=\"e-link-in-bio__bio\">\n\t\t\t\t<h2 class=\"e-link-in-bio__heading\">Anna Kalcher<\/h2>\t\t\t\t<h3 class=\"e-link-in-bio__title\">Lebens- und Sozialberaterin\n<\/h3>\t\t\t\t\t\t\t\t<p class=\"e-link-in-bio__description\">in Ausbildung unter Supervision<\/p>\t\t\t<\/div>\n\t\t\t\t\t<div class=\"e-link-in-bio__icons has-size-small\">\n\t\t\t\t\t\t\t<div class=\"e-link-in-bio__icon is-size-small\">\n\t\t\t\t\t<a aria-label=\"Email\" class=\"e-link-in-bio__icon-link\" href=\"mailto:lebensberatung@anna-kalcher.at\">\n\t\t\t\t\t\t<span class=\"e-link-in-bio__icon-svg\">\n\t\t\t\t\t\t\t<svg aria-hidden=\"true\" class=\"e-font-icon-svg e-fas-envelope\" viewBox=\"0 0 512 512\" xmlns=\"http:\/\/www.w3.org\/2000\/svg\"><path d=\"M502.3 190.8c3.9-3.1 9.7-.2 9.7 4.7V400c0 26.5-21.5 48-48 48H48c-26.5 0-48-21.5-48-48V195.6c0-5 5.7-7.8 9.7-4.7 22.4 17.4 52.1 39.5 154.1 113.6 21.1 15.4 56.7 47.8 92.2 47.6 35.7.3 72-32.8 92.3-47.6 102-74.1 131.6-96.3 154-113.7zM256 320c23.2.4 56.6-29.2 73.4-41.4 132.7-96.3 142.8-104.7 173.4-128.7 5.8-4.5 9.2-11.5 9.2-18.9v-19c0-26.5-21.5-48-48-48H48C21.5 64 0 85.5 0 112v19c0 7.4 3.4 14.3 9.2 18.9 30.6 23.9 40.7 32.4 173.4 128.7 16.8 12.2 50.2 41.8 73.4 41.4z\"><\/path><\/svg>\t\t\t\t\t\t<\/span>\n\t\t\t\t\t\t\t\t\t\t\t<\/a>\n\t\t\t\t<\/div>\n\t\t\t\t\t\t\t<div class=\"e-link-in-bio__icon is-size-small\">\n\t\t\t\t\t<a aria-label=\"Telephone\" class=\"e-link-in-bio__icon-link\" href=\"tel:+43670%201868858\">\n\t\t\t\t\t\t<span class=\"e-link-in-bio__icon-svg\">\n\t\t\t\t\t\t\t<svg aria-hidden=\"true\" class=\"e-font-icon-svg e-fas-phone-alt\" viewBox=\"0 0 512 512\" xmlns=\"http:\/\/www.w3.org\/2000\/svg\"><path d=\"M497.39 361.8l-112-48a24 24 0 0 0-28 6.9l-49.6 60.6A370.66 370.66 0 0 1 130.6 204.11l60.6-49.6a23.94 23.94 0 0 0 6.9-28l-48-112A24.16 24.16 0 0 0 122.6.61l-104 24A24 24 0 0 0 0 48c0 256.5 207.9 464 464 464a24 24 0 0 0 23.4-18.6l24-104a24.29 24.29 0 0 0-14.01-27.6z\"><\/path><\/svg>\t\t\t\t\t\t<\/span>\n\t\t\t\t\t\t\t\t\t\t\t<\/a>\n\t\t\t\t<\/div>\n\t\t\t\t\t<\/div>\n\t\t\n\t\t<div class=\"e-link-in-bio__ctas has-type-button\">\n\t\t\t\t\t\t\t<a class=\"e-link-in-bio__cta is-type-button has-corners-rounded\" href=\"tel:+436701868858\">\n\t\t\t\t\t\t\t\t\t\t<span class=\"e-link-in-bio__cta-text\">\n\t\t\t\t\t\tKontakt aufnehmen\t\t\t\t\t<\/span>\n\t\t\t\t<\/a>\n\t\t\t\t\t<\/div>\n\t\t\n\t\t\t<\/div>\n\t\t\t<div class=\"e-link-in-bio__bg\">\n\t\t\t\t<div class=\"e-link-in-bio__bg-overlay\"><\/div>\n\t\t\t<\/div>\n\t\t<\/div>\n\t\t\t\t\t\t<\/div>\n\t\t\t\t<\/div>\n\t\t\t\t\t<\/div>\n\t\t\t\t<\/div>\n\t\t\t\t<\/div>\n\t\t","protected":false},"excerpt":{"rendered":"<p>Anna Kalcher Lebens- und Sozialberaterin\u00a0in Ausbildung unter Supervision Schon seit ich denken kann, interessiere ich mich f\u00fcr das, was in meinen Mitmenschen vorgeht. Zu erkennen, wieso jemand f\u00fchlt, wie er f\u00fchlt, zu verstehen, wieso jemand handelt wie er handelt &#8211; das begeistert mich. Durch meinen Job als Ordinationsassistentin bin ich t\u00e4glich hautnah mit Menschen besch\u00e4ftigt, [&hellip;]<\/p>\n","protected":false},"author":1,"featured_media":0,"parent":0,"menu_order":0,"comment_status":"closed","ping_status":"closed","template":"","meta":{"footnotes":""},"class_list":["post-189","page","type-page","status-publish","hentry"],"_links":{"self":[{"href":"https:\/\/anna-kalcher.at\/index.php?rest_route=\/wp\/v2\/pages\/189","targetHints":{"allow":["GET"]}}],"collection":[{"href":"https:\/\/anna-kalcher.at\/index.php?rest_route=\/wp\/v2\/pages"}],"about":[{"href":"https:\/\/anna-kalcher.at\/index.php?rest_route=\/wp\/v2\/types\/page"}],"author":[{"embeddable":true,"href":"https:\/\/anna-kalcher.at\/index.php?rest_route=\/wp\/v2\/users\/1"}],"replies":[{"embeddable":true,"href":"https:\/\/anna-kalcher.at\/index.php?rest_route=%2Fwp%2Fv2%2Fcomments&post=189"}],"version-history":[{"count":28,"href":"https:\/\/anna-kalcher.at\/index.php?rest_route=\/wp\/v2\/pages\/189\/revisions"}],"predecessor-version":[{"id":453,"href":"https:\/\/anna-kalcher.at\/index.php?rest_route=\/wp\/v2\/pages\/189\/revisions\/453"}],"wp:attachment":[{"href":"https:\/\/anna-kalcher.at\/index.php?rest_route=%2Fwp%2Fv2%2Fmedia&parent=189"}],"curies":[{"name":"wp","href":"https:\/\/api.w.org\/{rel}","templated":true}]}}